{"id":1096,"date":"2021-10-19T10:41:41","date_gmt":"2021-10-19T10:41:41","guid":{"rendered":"https:\/\/omrabadal.com\/?page_id=1096"},"modified":"2023-02-10T16:04:59","modified_gmt":"2023-02-10T16:04:59","slug":"questions-frequentes","status":"publish","type":"page","link":"https:\/\/omrabadal.com\/questions-frequentes\/","title":{"rendered":"Questions Fr\u00e9quentes"},"content":{"rendered":"\t\t<div data-elementor-type=\"wp-page\" data-elementor-id=\"1096\" class=\"elementor elementor-1096\" data-elementor-settings=\"[]\">\n\t\t\t\t\t\t\t<div class=\"elementor-section-wrap\">\n\t\t\t\t\t\t\t<section class=\"elementor-section elementor-top-section elementor-element elementor-element-83ad90f elementor-section-boxed elementor-section-height-default elementor-section-height-default\" data-id=\"83ad90f\" data-element_type=\"section\" data-settings=\"{&quot;background_background&quot;:&quot;classic&quot;}\">\n\t\t\t\t\t\t<div class=\"elementor-container elementor-column-gap-default\">\n\t\t\t\t\t<div class=\"elementor-column elementor-col-100 elementor-top-column elementor-element elementor-element-843f045 column-style-top\" data-id=\"843f045\" data-element_type=\"column\">\n\t\t\t<div class=\"elementor-widget-wrap elementor-element-populated\">\n\t\t\t\t\t\t\t\t<div class=\"elementor-element elementor-element-daaaf3b elementor-widget elementor-widget-gva-heading-block\" data-id=\"daaaf3b\" data-element_type=\"widget\" data-widget_type=\"gva-heading-block.default\">\n\t\t\t\t<div class=\"elementor-widget-container\">\n\t\t\t<div class=\"gva-element-gva-heading-block gva-element\">   <div class=\"align-left style-1 widget gsc-heading box-align-left auto-responsive\">\r\n      <div class=\"content-inner\">\r\n         \r\n                  \r\n           \r\n         \r\n                     <h2 class=\"title\">\r\n               <span>Questions Fr\u00e9quentes<\/span>\r\n            <\/h2>\r\n                  \r\n         \r\n      <\/div>\r\n   <\/div>\r\n<\/div>\t\t<\/div>\n\t\t\t\t<\/div>\n\t\t\t\t\t<\/div>\n\t\t<\/div>\n\t\t\t\t\t\t\t<\/div>\n\t\t<\/section>\n\t\t\t\t<section class=\"elementor-section elementor-top-section elementor-element elementor-element-e576c2d elementor-section-boxed elementor-section-height-default elementor-section-height-default\" data-id=\"e576c2d\" data-element_type=\"section\">\n\t\t\t\t\t\t<div class=\"elementor-container elementor-column-gap-default\">\n\t\t\t\t\t<div class=\"elementor-column elementor-col-100 elementor-top-column elementor-element elementor-element-fc4fd4c column-style-top\" data-id=\"fc4fd4c\" data-element_type=\"column\">\n\t\t\t<div class=\"elementor-widget-wrap elementor-element-populated\">\n\t\t\t\t\t\t\t\t<div class=\"elementor-element elementor-element-40c93ab elementor-widget elementor-widget-gva-heading-block\" data-id=\"40c93ab\" data-element_type=\"widget\" data-widget_type=\"gva-heading-block.default\">\n\t\t\t\t<div class=\"elementor-widget-container\">\n\t\t\t<div class=\"gva-element-gva-heading-block gva-element\">   <div class=\"align-center style-1 widget gsc-heading box-align-left auto-responsive\">\r\n      <div class=\"content-inner\">\r\n         \r\n                  \r\n                     <div class=\"sub-title\"><span>FAQ - Foire aux questions<\/span><\/div>\r\n           \r\n         \r\n                     <h2 class=\"title\">\r\n               <span>Omra & Hajj Badal<\/span>\r\n            <\/h2>\r\n                  \r\n         \r\n      <\/div>\r\n   <\/div>\r\n<\/div>\t\t<\/div>\n\t\t\t\t<\/div>\n\t\t\t\t\t<\/div>\n\t\t<\/div>\n\t\t\t\t\t\t\t<\/div>\n\t\t<\/section>\n\t\t\t\t<section class=\"elementor-section elementor-top-section elementor-element elementor-element-fc4ba20 elementor-section-boxed elementor-section-height-default elementor-section-height-default row-top elementor-invisible\" data-id=\"fc4ba20\" data-element_type=\"section\" data-settings=\"{&quot;animation&quot;:&quot;fadeIn&quot;,&quot;animation_tablet&quot;:&quot;none&quot;}\">\n\t\t\t\t\t\t<div class=\"elementor-container elementor-column-gap-default\">\n\t\t\t\t\t<div class=\"elementor-column elementor-col-100 elementor-top-column elementor-element elementor-element-413db2e column-style-top\" data-id=\"413db2e\" data-element_type=\"column\">\n\t\t\t<div class=\"elementor-widget-wrap elementor-element-populated\">\n\t\t\t\t\t\t\t\t<div class=\"elementor-element elementor-element-8a9a4b6 elementor-widget elementor-widget-accordion\" data-id=\"8a9a4b6\" data-element_type=\"widget\" data-widget_type=\"accordion.default\">\n\t\t\t\t<div class=\"elementor-widget-container\">\n\t\t\t<style>.elementor-accordion{text-align:left}.elementor-accordion .elementor-accordion-item{border:1px solid #d4d4d4}.elementor-accordion .elementor-accordion-item+.elementor-accordion-item{border-top:none}.elementor-accordion .elementor-tab-title{margin:0;padding:15px 20px;font-weight:700;line-height:1;cursor:pointer;outline:none}.elementor-accordion .elementor-tab-title .elementor-accordion-icon{display:inline-block;width:1.5em}.elementor-accordion .elementor-tab-title .elementor-accordion-icon svg{width:1em;height:1em}.elementor-accordion .elementor-tab-title .elementor-accordion-icon.elementor-accordion-icon-right{float:right;text-align:right}.elementor-accordion .elementor-tab-title .elementor-accordion-icon.elementor-accordion-icon-left{float:left;text-align:left}.elementor-accordion .elementor-tab-title .elementor-accordion-icon .elementor-accordion-icon-closed{display:block}.elementor-accordion .elementor-tab-title .elementor-accordion-icon .elementor-accordion-icon-opened,.elementor-accordion .elementor-tab-title.elementor-active .elementor-accordion-icon-closed{display:none}.elementor-accordion .elementor-tab-title.elementor-active .elementor-accordion-icon-opened{display:block}.elementor-accordion .elementor-tab-content{display:none;padding:15px 20px;border-top:1px solid #d4d4d4}@media (max-width:768px){.elementor-accordion .elementor-tab-title{padding:12px 15px}.elementor-accordion .elementor-tab-title .elementor-accordion-icon{width:1.2em}.elementor-accordion .elementor-tab-content{padding:7px 15px}}<\/style>\t\t<div class=\"elementor-accordion\" role=\"tablist\">\n\t\t\t\t\t\t\t<div class=\"elementor-accordion-item\">\n\t\t\t\t\t<div id=\"elementor-tab-title-1451\" class=\"elementor-tab-title\" data-tab=\"1\" role=\"tab\" aria-controls=\"elementor-tab-content-1451\" aria-expanded=\"false\">\n\t\t\t\t\t\t\t\t\t\t\t\t\t<span class=\"elementor-accordion-icon elementor-accordion-icon-right\" aria-hidden=\"true\">\n\t\t\t\t\t\t\t\t\t\t\t\t\t\t\t<span class=\"elementor-accordion-icon-closed\"><i class=\"fas fa-plus\"><\/i><\/span>\n\t\t\t\t\t\t\t\t<span class=\"elementor-accordion-icon-opened\"><i class=\"fas fa-minus\"><\/i><\/span>\n\t\t\t\t\t\t\t\t\t\t\t\t\t\t<\/span>\n\t\t\t\t\t\t\t\t\t\t\t\t<a class=\"elementor-accordion-title\" href=\"\">La Omra et\/ou le Hajj Badal, qu\u2019est-ce que c\u2019est ?<\/a>\n\t\t\t\t\t<\/div>\n\t\t\t\t\t<div id=\"elementor-tab-content-1451\" class=\"elementor-tab-content elementor-clearfix\" data-tab=\"1\" role=\"tabpanel\" aria-labelledby=\"elementor-tab-title-1451\"><p>C&#8217;est le fait d&#8217;<strong>accomplir le p\u00e8lerinage par procuration<\/strong>. C&#8217;est-\u00e0-dire en faveur d&#8217;une personne.<\/p><p>Certaines personnes n&#8217;ont pas la possibilit\u00e9 d&#8217;effectuer le p\u00e8lerinage soit parce-qu\u2019elles sont tr\u00e8s malades, soit parce qu&#8217;elles sont d\u00e9c\u00e9d\u00e9es. Une tierce personne peut donc accomplir cet acte d&#8217;adoration en leur faveur.<\/p><\/div>\n\t\t\t\t<\/div>\n\t\t\t\t\t\t\t<div class=\"elementor-accordion-item\">\n\t\t\t\t\t<div id=\"elementor-tab-title-1452\" class=\"elementor-tab-title\" data-tab=\"2\" role=\"tab\" aria-controls=\"elementor-tab-content-1452\" aria-expanded=\"false\">\n\t\t\t\t\t\t\t\t\t\t\t\t\t<span class=\"elementor-accordion-icon elementor-accordion-icon-right\" aria-hidden=\"true\">\n\t\t\t\t\t\t\t\t\t\t\t\t\t\t\t<span class=\"elementor-accordion-icon-closed\"><i class=\"fas fa-plus\"><\/i><\/span>\n\t\t\t\t\t\t\t\t<span class=\"elementor-accordion-icon-opened\"><i class=\"fas fa-minus\"><\/i><\/span>\n\t\t\t\t\t\t\t\t\t\t\t\t\t\t<\/span>\n\t\t\t\t\t\t\t\t\t\t\t\t<a class=\"elementor-accordion-title\" href=\"\">Qui est charg\u00e9 d'effectuer la Omra et\/ou le Hajj Badal ?<\/a>\n\t\t\t\t\t<\/div>\n\t\t\t\t\t<div id=\"elementor-tab-content-1452\" class=\"elementor-tab-content elementor-clearfix\" data-tab=\"2\" role=\"tabpanel\" aria-labelledby=\"elementor-tab-title-1452\"><p>La r\u00e9alisation de la Omra et\/ou du Hajj au nom des invalides ou des personnes d\u00e9c\u00e9d\u00e9es sont effectu\u00e9es par l&#8217;interm\u00e9diaire d&#8217;un groupe issus des <strong>\u00e9tudiants en sciences juridiques (Talab al-&#8216;Ilm)<\/strong> faisant partie des universit\u00e9s saoudiennes.<\/p><p>Ces derniers sont recrut\u00e9s via notre partenaire local. Le recrutement de ces candidats se fait via un cahier des charges bien pr\u00e9cis. Des tests ainsi que des entretiens individuels sont effectu\u00e9s avant chaque recrutement.<\/p><p>Pendant l\u2019accomplissement de la Omra ou du Hajj Badal, <strong>les \u00e9tudiants qui la r\u00e9alisent sont g\u00e9olocalis\u00e9s et leur positionnement entre chaque rites est v\u00e9rifi\u00e9.<\/strong><\/p><\/div>\n\t\t\t\t<\/div>\n\t\t\t\t\t\t\t<div class=\"elementor-accordion-item\">\n\t\t\t\t\t<div id=\"elementor-tab-title-1453\" class=\"elementor-tab-title\" data-tab=\"3\" role=\"tab\" aria-controls=\"elementor-tab-content-1453\" aria-expanded=\"false\">\n\t\t\t\t\t\t\t\t\t\t\t\t\t<span class=\"elementor-accordion-icon elementor-accordion-icon-right\" aria-hidden=\"true\">\n\t\t\t\t\t\t\t\t\t\t\t\t\t\t\t<span class=\"elementor-accordion-icon-closed\"><i class=\"fas fa-plus\"><\/i><\/span>\n\t\t\t\t\t\t\t\t<span class=\"elementor-accordion-icon-opened\"><i class=\"fas fa-minus\"><\/i><\/span>\n\t\t\t\t\t\t\t\t\t\t\t\t\t\t<\/span>\n\t\t\t\t\t\t\t\t\t\t\t\t<a class=\"elementor-accordion-title\" href=\"\">Quel est le d\u00e9lai pour l'application de la Omra et\/ou Hajj Badal ?<\/a>\n\t\t\t\t\t<\/div>\n\t\t\t\t\t<div id=\"elementor-tab-content-1453\" class=\"elementor-tab-content elementor-clearfix\" data-tab=\"3\" role=\"tabpanel\" aria-labelledby=\"elementor-tab-title-1453\"><p>Le d\u00e9lai pour l&#8217;application du p\u00e8lerinage peut verier entre 10 \u00e0 45 jours (Hors Ramadan et Hajj).<\/p><\/div>\n\t\t\t\t<\/div>\n\t\t\t\t\t\t\t<div class=\"elementor-accordion-item\">\n\t\t\t\t\t<div id=\"elementor-tab-title-1454\" class=\"elementor-tab-title\" data-tab=\"4\" role=\"tab\" aria-controls=\"elementor-tab-content-1454\" aria-expanded=\"false\">\n\t\t\t\t\t\t\t\t\t\t\t\t\t<span class=\"elementor-accordion-icon elementor-accordion-icon-right\" aria-hidden=\"true\">\n\t\t\t\t\t\t\t\t\t\t\t\t\t\t\t<span class=\"elementor-accordion-icon-closed\"><i class=\"fas fa-plus\"><\/i><\/span>\n\t\t\t\t\t\t\t\t<span class=\"elementor-accordion-icon-opened\"><i class=\"fas fa-minus\"><\/i><\/span>\n\t\t\t\t\t\t\t\t\t\t\t\t\t\t<\/span>\n\t\t\t\t\t\t\t\t\t\t\t\t<a class=\"elementor-accordion-title\" href=\"\">Comment accomplir une Omra et\/ou Hajj Badal ?<\/a>\n\t\t\t\t\t<\/div>\n\t\t\t\t\t<div id=\"elementor-tab-content-1454\" class=\"elementor-tab-content elementor-clearfix\" data-tab=\"4\" role=\"tabpanel\" aria-labelledby=\"elementor-tab-title-1454\"><p>Pour accomplir <strong>un p\u00e8lerinage \u00ab Badal \u00bb<\/strong>, vous devez fournir le <strong>pr\u00e9nom de la personne concern\u00e9e ainsi que celui de son p\u00e8re<\/strong>.<\/p>\n\n<p>Exemple : Vous souhaitez effectuer une Omra Badal pour votre p\u00e8re d\u00e9c\u00e9d\u00e9. Le pr\u00e9nom de votre p\u00e8re \u00e9tait Muhammad et celui de votre grand-p\u00e8re Selm\u00e2n. Arriv\u00e9 au Miq\u00e2t, le p\u00e8lerin charg\u00e9 d&#8217;effectuer la Omra pour votre p\u00e8re dira l&#8217;invocation suivante :\n<blockquote style=\"line-height: 20px; font-size: 16px;\"><em>labbayka Allahumma &#8216;Omra &#8216;an Muhammad ibn Selm\u00e2n<\/em><\/blockquote>\nCe qui signifie\u00a0<em>\u00ab Je r\u00e9ponds \u00e0 ton appel, \u00d4 Allah, par une Omra \u00e0 l&#8217;intention de Muhammad fils de Selm\u00e2n \u00bb.<\/em><\/p>\n\n<p><strong>Si vous ne connaissez pas le pr\u00e9nom de votre grand-p\u00e8re<\/strong>, le nom et pr\u00e9nom de votre p\u00e8re suffiront insh\u00e2 Allah.<\/p><\/div>\n\t\t\t\t<\/div>\n\t\t\t\t\t\t\t<div class=\"elementor-accordion-item\">\n\t\t\t\t\t<div id=\"elementor-tab-title-1455\" class=\"elementor-tab-title\" data-tab=\"5\" role=\"tab\" aria-controls=\"elementor-tab-content-1455\" aria-expanded=\"false\">\n\t\t\t\t\t\t\t\t\t\t\t\t\t<span class=\"elementor-accordion-icon elementor-accordion-icon-right\" aria-hidden=\"true\">\n\t\t\t\t\t\t\t\t\t\t\t\t\t\t\t<span class=\"elementor-accordion-icon-closed\"><i class=\"fas fa-plus\"><\/i><\/span>\n\t\t\t\t\t\t\t\t<span class=\"elementor-accordion-icon-opened\"><i class=\"fas fa-minus\"><\/i><\/span>\n\t\t\t\t\t\t\t\t\t\t\t\t\t\t<\/span>\n\t\t\t\t\t\t\t\t\t\t\t\t<a class=\"elementor-accordion-title\" href=\"\">Pouvez-vous me citer une source \u00e0 propos de la Omra et\/ou le Hajj Badal ?<\/a>\n\t\t\t\t\t<\/div>\n\t\t\t\t\t<div id=\"elementor-tab-content-1455\" class=\"elementor-tab-content elementor-clearfix\" data-tab=\"5\" role=\"tabpanel\" aria-labelledby=\"elementor-tab-title-1455\"><p><blockquote style=\"line-height: 20px; font-size: 1rem;\"><em>Al-Bukh\u00e2r\u00ee rapporte d&#8217;apr\u00e8s Ibn &#8216;Abb\u00e2s qu&#8217;une femme de Juhayna vint trouver le Proph\u00e8te (\ufdfa) et lui dit :<\/em><\/p>\n\n\u00ab Ma m\u00e8re avait con\u00e7u le v\u0153u d\u2019accomplir son p\u00e8lerinage \u00e0 La Mecque, mais elle est morte avant de s\u2019en acquitter, puis-je le faire pour elle ? \u2013 \u201cOui, fais-le pour elle\u201d, r\u00e9pondit le Proph\u00e8te. \u201cVois-tu, si ta m\u00e8re avait contract\u00e9 une dette, l\u2019aurais-tu rembours\u00e9e pour elle ? Honorez vos dettes, car les dettes \u00e0 l\u2019\u00e9gard de Dieu sont plus dignes d\u2019\u00eatre honor\u00e9es\u201d \u00bb.<\/div>\n\t\t\t\t<\/div>\n\t\t\t\t\t\t\t<div class=\"elementor-accordion-item\">\n\t\t\t\t\t<div id=\"elementor-tab-title-1456\" class=\"elementor-tab-title\" data-tab=\"6\" role=\"tab\" aria-controls=\"elementor-tab-content-1456\" aria-expanded=\"false\">\n\t\t\t\t\t\t\t\t\t\t\t\t\t<span class=\"elementor-accordion-icon elementor-accordion-icon-right\" aria-hidden=\"true\">\n\t\t\t\t\t\t\t\t\t\t\t\t\t\t\t<span class=\"elementor-accordion-icon-closed\"><i class=\"fas fa-plus\"><\/i><\/span>\n\t\t\t\t\t\t\t\t<span class=\"elementor-accordion-icon-opened\"><i class=\"fas fa-minus\"><\/i><\/span>\n\t\t\t\t\t\t\t\t\t\t\t\t\t\t<\/span>\n\t\t\t\t\t\t\t\t\t\t\t\t<a class=\"elementor-accordion-title\" href=\"\">Comment r\u00e9server en ligne une Omra et\/ou Hajj Badal sur votre site internet ?<\/a>\n\t\t\t\t\t<\/div>\n\t\t\t\t\t<div id=\"elementor-tab-content-1456\" class=\"elementor-tab-content elementor-clearfix\" data-tab=\"6\" role=\"tabpanel\" aria-labelledby=\"elementor-tab-title-1456\"><p>Commencer par choisir la <strong>Omra Badal \u00ab Classique ou Ramadan \u00bb<\/strong>\u00a0\u00a0et\/ou le <strong>Hajj\u00a0Badal<\/strong>.<\/p><p>Renseigner toutes les informations n\u00e9cessaires sur la fiche de r\u00e9servation. Ensuite le r\u00e8glement s\u00e9curis\u00e9 en ligne pour votre proche.<\/p><p>Le p\u00e8lerinage sera ensuite programm\u00e9 pour la personne dont vous souhaitez en faire b\u00e9n\u00e9ficier. Nous vous rappelons que les Omra Badal ne sont valides uniquement pour les personnes d\u00e9c\u00e9d\u00e9es ou tr\u00e8s malade incapable de pouvoir effectuer un p\u00e8lerinage.<\/p><p><strong>Apr\u00e8s la Omra et\/ou le Hajj Badal effectu\u00e9e<\/strong>, nous vous contacterons afin de vous confirmer son accomplissement.<\/p><\/div>\n\t\t\t\t<\/div>\n\t\t\t\t\t\t\t\t<\/div>\n\t\t\t\t<\/div>\n\t\t\t\t<\/div>\n\t\t\t\t\t<\/div>\n\t\t<\/div>\n\t\t\t\t\t\t\t<\/div>\n\t\t<\/section>\n\t\t\t\t\t\t<\/div>\n\t\t\t\t\t<\/div>\n\t\t","protected":false},"excerpt":{"rendered":"<p>Questions Fr\u00e9quentes FAQ &#8211; Foire aux questions Omra &#038; Hajj Badal La Omra et\/ou le Hajj Badal, qu\u2019est-ce que c\u2019est ? C&rsquo;est le fait d&rsquo;accomplir le p\u00e8lerinage par procuration. C&rsquo;est-\u00e0-dire en faveur d&rsquo;une personne. Certaines personnes n&rsquo;ont pas la possibilit\u00e9 d&rsquo;effectuer le p\u00e8lerinage soit parce-qu\u2019elles sont tr\u00e8s malades, soit parce qu&rsquo;elles sont d\u00e9c\u00e9d\u00e9es. Une tierce [&hellip;]<\/p>\n","protected":false},"author":1,"featured_media":0,"parent":0,"menu_order":0,"comment_status":"closed","ping_status":"closed","template":"elementor_header_footer","meta":{"_mi_skip_tracking":false},"_links":{"self":[{"href":"https:\/\/omrabadal.com\/wp-json\/wp\/v2\/pages\/1096"}],"collection":[{"href":"https:\/\/omrabadal.com\/wp-json\/wp\/v2\/pages"}],"about":[{"href":"https:\/\/omrabadal.com\/wp-json\/wp\/v2\/types\/page"}],"author":[{"embeddable":true,"href":"https:\/\/omrabadal.com\/wp-json\/wp\/v2\/users\/1"}],"replies":[{"embeddable":true,"href":"https:\/\/omrabadal.com\/wp-json\/wp\/v2\/comments?post=1096"}],"version-history":[{"count":106,"href":"https:\/\/omrabadal.com\/wp-json\/wp\/v2\/pages\/1096\/revisions"}],"predecessor-version":[{"id":3601,"href":"https:\/\/omrabadal.com\/wp-json\/wp\/v2\/pages\/1096\/revisions\/3601"}],"wp:attachment":[{"href":"https:\/\/omrabadal.com\/wp-json\/wp\/v2\/media?parent=1096"}],"curies":[{"name":"wp","href":"https:\/\/api.w.org\/{rel}","templated":true}]}}