{"id":3246,"date":"2023-02-10T08:13:00","date_gmt":"2023-02-10T08:13:00","guid":{"rendered":"https:\/\/omrabadal.com\/?page_id=3246"},"modified":"2023-02-10T08:15:45","modified_gmt":"2023-02-10T08:15:45","slug":"hukuki-bilgiler","status":"publish","type":"page","link":"https:\/\/omrabadal.com\/tr\/hukuki-bilgiler\/","title":{"rendered":"Hukuki bilgiler"},"content":{"rendered":"\t\t<div data-elementor-type=\"wp-page\" data-elementor-id=\"3246\" class=\"elementor elementor-3246\" data-elementor-settings=\"[]\">\n\t\t\t\t\t\t\t<div class=\"elementor-section-wrap\">\n\t\t\t\t\t\t\t<section class=\"elementor-section elementor-top-section elementor-element elementor-element-ec341ce elementor-section-boxed elementor-section-height-default elementor-section-height-default\" data-id=\"ec341ce\" data-element_type=\"section\" data-settings=\"{&quot;background_background&quot;:&quot;classic&quot;}\">\n\t\t\t\t\t\t<div class=\"elementor-container elementor-column-gap-default\">\n\t\t\t\t\t<div class=\"elementor-column elementor-col-100 elementor-top-column elementor-element elementor-element-8dafb2a column-style-top\" data-id=\"8dafb2a\" data-element_type=\"column\">\n\t\t\t<div class=\"elementor-widget-wrap elementor-element-populated\">\n\t\t\t\t\t\t\t\t<div class=\"elementor-element elementor-element-6cb7601 elementor-widget elementor-widget-gva-heading-block\" data-id=\"6cb7601\" data-element_type=\"widget\" data-widget_type=\"gva-heading-block.default\">\n\t\t\t\t<div class=\"elementor-widget-container\">\n\t\t\t<div class=\"gva-element-gva-heading-block gva-element\">   <div class=\"align-left style-1 widget gsc-heading box-align-left auto-responsive\">\r\n      <div class=\"content-inner\">\r\n         \r\n                  \r\n           \r\n         \r\n                     <h2 class=\"title\">\r\n               <span>Hukuki bilgiler<\/span>\r\n            <\/h2>\r\n                  \r\n         \r\n      <\/div>\r\n   <\/div>\r\n<\/div>\t\t<\/div>\n\t\t\t\t<\/div>\n\t\t\t\t\t<\/div>\n\t\t<\/div>\n\t\t\t\t\t\t\t<\/div>\n\t\t<\/section>\n\t\t\t\t<section class=\"elementor-section elementor-top-section elementor-element elementor-element-1015550 elementor-section-boxed elementor-section-height-default elementor-section-height-default row-top\" data-id=\"1015550\" data-element_type=\"section\">\n\t\t\t\t\t\t<div class=\"elementor-container elementor-column-gap-default\">\n\t\t\t\t\t<div class=\"elementor-column elementor-col-100 elementor-top-column elementor-element elementor-element-b254f23 column-style-top\" data-id=\"b254f23\" data-element_type=\"column\">\n\t\t\t<div class=\"elementor-widget-wrap elementor-element-populated\">\n\t\t\t\t\t\t\t\t<div class=\"elementor-element elementor-element-d376e83 elementor-widget elementor-widget-text-editor\" data-id=\"d376e83\" data-element_type=\"widget\" data-widget_type=\"text-editor.default\">\n\t\t\t\t<div class=\"elementor-widget-container\">\n\t\t\t<style>\/*! elementor - v3.5.1 - 20-12-2021 *\/\n.elementor-widget-text-editor.elementor-drop-cap-view-stacked .elementor-drop-cap{background-color:#818a91;color:#fff}.elementor-widget-text-editor.elementor-drop-cap-view-framed .elementor-drop-cap{color:#818a91;border:3px solid;background-color:transparent}.elementor-widget-text-editor:not(.elementor-drop-cap-view-default) .elementor-drop-cap{margin-top:8px}.elementor-widget-text-editor:not(.elementor-drop-cap-view-default) .elementor-drop-cap-letter{width:1em;height:1em}.elementor-widget-text-editor .elementor-drop-cap{float:left;text-align:center;line-height:1;font-size:50px}.elementor-widget-text-editor .elementor-drop-cap-letter{display:inline-block}<\/style>\t\t\t\t<p><strong>\u00dcnvan :<\/strong> OMRA BADAL TUR\u0130ZM L\u0130M\u0130TED \u015e\u0130RKET\u0130<\/p><p><strong>Adres :<\/strong> Etiler Mah. Evliya \u00c7elebi Cad. No: 23 \/ 106 Muratpa\u015fa \/ ANTALYA<\/p><p><strong>Ticaret Sicil ad<\/strong><b>\u0131<\/b><strong>\u00a0&#8211; no :<\/strong> ANTALYA &#8211; 123334<\/p><p><span style=\"font-weight: bolder;\">Email :<\/span>\u00a0contact@omrabadal.com<br \/><span style=\"font-weight: bolder;\">Web sitesi :<\/span>\u00a0https:\/\/omrabadal.com\/<\/p><p><strong>Web sitesi bar\u0131nd\u0131r\u0131c\u0131s\u0131 :<\/strong> 1&amp;1 IONOS SARL France &#8211; 7, place de la Gare \u2013 BP 70109 &#8211; 57201 Sarreguemines Cedex \u2013 France<\/p>\t\t\t\t\t\t<\/div>\n\t\t\t\t<\/div>\n\t\t\t\t\t<\/div>\n\t\t<\/div>\n\t\t\t\t\t\t\t<\/div>\n\t\t<\/section>\n\t\t\t\t\t\t<\/div>\n\t\t\t\t\t<\/div>\n\t\t","protected":false},"excerpt":{"rendered":"<p>Hukuki bilgiler \u00dcnvan : OMRA BADAL TUR\u0130ZM L\u0130M\u0130TED \u015e\u0130RKET\u0130 Adres : Etiler Mah. Evliya \u00c7elebi Cad. No: 23 \/ 106 Muratpa\u015fa \/ ANTALYA Ticaret Sicil ad\u0131\u00a0&#8211; no : ANTALYA &#8211; 123334 Email :\u00a0contact@omrabadal.comWeb sitesi :\u00a0https:\/\/omrabadal.com\/ Web sitesi bar\u0131nd\u0131r\u0131c\u0131s\u0131 : 1&amp;1 IONOS SARL France &#8211; 7, place de la Gare \u2013 BP 70109 &#8211; 57201 Sarreguemines [&hellip;]<\/p>\n","protected":false},"author":1,"featured_media":0,"parent":0,"menu_order":0,"comment_status":"closed","ping_status":"closed","template":"elementor_header_footer","meta":{"_mi_skip_tracking":false},"_links":{"self":[{"href":"https:\/\/omrabadal.com\/wp-json\/wp\/v2\/pages\/3246"}],"collection":[{"href":"https:\/\/omrabadal.com\/wp-json\/wp\/v2\/pages"}],"about":[{"href":"https:\/\/omrabadal.com\/wp-json\/wp\/v2\/types\/page"}],"author":[{"embeddable":true,"href":"https:\/\/omrabadal.com\/wp-json\/wp\/v2\/users\/1"}],"replies":[{"embeddable":true,"href":"https:\/\/omrabadal.com\/wp-json\/wp\/v2\/comments?post=3246"}],"version-history":[{"count":4,"href":"https:\/\/omrabadal.com\/wp-json\/wp\/v2\/pages\/3246\/revisions"}],"predecessor-version":[{"id":3250,"href":"https:\/\/omrabadal.com\/wp-json\/wp\/v2\/pages\/3246\/revisions\/3250"}],"wp:attachment":[{"href":"https:\/\/omrabadal.com\/wp-json\/wp\/v2\/media?parent=3246"}],"curies":[{"name":"wp","href":"https:\/\/api.w.org\/{rel}","templated":true}]}}