{"id":3288,"date":"2023-02-10T09:10:50","date_gmt":"2023-02-10T09:10:50","guid":{"rendered":"https:\/\/omrabadal.com\/?page_id=3288"},"modified":"2023-02-10T15:58:41","modified_gmt":"2023-02-10T15:58:41","slug":"sik-sorulan-sorular","status":"publish","type":"page","link":"https:\/\/omrabadal.com\/tr\/sik-sorulan-sorular\/","title":{"rendered":"S\u0131k Sorulan Sorular"},"content":{"rendered":"\t\t<div data-elementor-type=\"wp-page\" data-elementor-id=\"3288\" class=\"elementor elementor-3288\" data-elementor-settings=\"[]\">\n\t\t\t\t\t\t\t<div class=\"elementor-section-wrap\">\n\t\t\t\t\t\t\t<section class=\"elementor-section elementor-top-section elementor-element elementor-element-83ad90f elementor-section-boxed elementor-section-height-default elementor-section-height-default\" data-id=\"83ad90f\" data-element_type=\"section\" data-settings=\"{&quot;background_background&quot;:&quot;classic&quot;}\">\n\t\t\t\t\t\t<div class=\"elementor-container elementor-column-gap-default\">\n\t\t\t\t\t<div class=\"elementor-column elementor-col-100 elementor-top-column elementor-element elementor-element-843f045 column-style-top\" data-id=\"843f045\" data-element_type=\"column\">\n\t\t\t<div class=\"elementor-widget-wrap elementor-element-populated\">\n\t\t\t\t\t\t\t\t<div class=\"elementor-element elementor-element-daaaf3b elementor-widget elementor-widget-gva-heading-block\" data-id=\"daaaf3b\" data-element_type=\"widget\" data-widget_type=\"gva-heading-block.default\">\n\t\t\t\t<div class=\"elementor-widget-container\">\n\t\t\t<div class=\"gva-element-gva-heading-block gva-element\">   <div class=\"align-left style-1 widget gsc-heading box-align-left auto-responsive\">\r\n      <div class=\"content-inner\">\r\n         \r\n                  \r\n           \r\n         \r\n                     <h2 class=\"title\">\r\n               <span>S\u0131k Sorulan Sorular<\/span>\r\n            <\/h2>\r\n                  \r\n         \r\n      <\/div>\r\n   <\/div>\r\n<\/div>\t\t<\/div>\n\t\t\t\t<\/div>\n\t\t\t\t\t<\/div>\n\t\t<\/div>\n\t\t\t\t\t\t\t<\/div>\n\t\t<\/section>\n\t\t\t\t<section class=\"elementor-section elementor-top-section elementor-element elementor-element-e576c2d elementor-section-boxed elementor-section-height-default elementor-section-height-default\" data-id=\"e576c2d\" data-element_type=\"section\">\n\t\t\t\t\t\t<div class=\"elementor-container elementor-column-gap-default\">\n\t\t\t\t\t<div class=\"elementor-column elementor-col-100 elementor-top-column elementor-element elementor-element-fc4fd4c column-style-top\" data-id=\"fc4fd4c\" data-element_type=\"column\">\n\t\t\t<div class=\"elementor-widget-wrap elementor-element-populated\">\n\t\t\t\t\t\t\t\t<div class=\"elementor-element elementor-element-40c93ab elementor-widget elementor-widget-gva-heading-block\" data-id=\"40c93ab\" data-element_type=\"widget\" data-widget_type=\"gva-heading-block.default\">\n\t\t\t\t<div class=\"elementor-widget-container\">\n\t\t\t<div class=\"gva-element-gva-heading-block gva-element\">   <div class=\"align-center style-1 widget gsc-heading box-align-left auto-responsive\">\r\n      <div class=\"content-inner\">\r\n         \r\n                  \r\n                     <div class=\"sub-title\"><span>SSS - S\u0131k Sorulan Sorular<\/span><\/div>\r\n           \r\n         \r\n                     <h2 class=\"title\">\r\n               <span>Vekaleten Umre ve Hac<\/span>\r\n            <\/h2>\r\n                  \r\n         \r\n      <\/div>\r\n   <\/div>\r\n<\/div>\t\t<\/div>\n\t\t\t\t<\/div>\n\t\t\t\t\t<\/div>\n\t\t<\/div>\n\t\t\t\t\t\t\t<\/div>\n\t\t<\/section>\n\t\t\t\t<section class=\"elementor-section elementor-top-section elementor-element elementor-element-fc4ba20 elementor-section-boxed elementor-section-height-default elementor-section-height-default row-top elementor-invisible\" data-id=\"fc4ba20\" data-element_type=\"section\" data-settings=\"{&quot;animation&quot;:&quot;fadeIn&quot;,&quot;animation_tablet&quot;:&quot;none&quot;}\">\n\t\t\t\t\t\t<div class=\"elementor-container elementor-column-gap-default\">\n\t\t\t\t\t<div class=\"elementor-column elementor-col-100 elementor-top-column elementor-element elementor-element-413db2e column-style-top\" data-id=\"413db2e\" data-element_type=\"column\">\n\t\t\t<div class=\"elementor-widget-wrap elementor-element-populated\">\n\t\t\t\t\t\t\t\t<div class=\"elementor-element elementor-element-8a9a4b6 elementor-widget elementor-widget-accordion\" data-id=\"8a9a4b6\" data-element_type=\"widget\" data-widget_type=\"accordion.default\">\n\t\t\t\t<div class=\"elementor-widget-container\">\n\t\t\t<style>.elementor-accordion{text-align:left}.elementor-accordion .elementor-accordion-item{border:1px solid #d4d4d4}.elementor-accordion .elementor-accordion-item+.elementor-accordion-item{border-top:none}.elementor-accordion .elementor-tab-title{margin:0;padding:15px 20px;font-weight:700;line-height:1;cursor:pointer;outline:none}.elementor-accordion .elementor-tab-title .elementor-accordion-icon{display:inline-block;width:1.5em}.elementor-accordion .elementor-tab-title .elementor-accordion-icon svg{width:1em;height:1em}.elementor-accordion .elementor-tab-title .elementor-accordion-icon.elementor-accordion-icon-right{float:right;text-align:right}.elementor-accordion .elementor-tab-title .elementor-accordion-icon.elementor-accordion-icon-left{float:left;text-align:left}.elementor-accordion .elementor-tab-title .elementor-accordion-icon .elementor-accordion-icon-closed{display:block}.elementor-accordion .elementor-tab-title .elementor-accordion-icon .elementor-accordion-icon-opened,.elementor-accordion .elementor-tab-title.elementor-active .elementor-accordion-icon-closed{display:none}.elementor-accordion .elementor-tab-title.elementor-active .elementor-accordion-icon-opened{display:block}.elementor-accordion .elementor-tab-content{display:none;padding:15px 20px;border-top:1px solid #d4d4d4}@media (max-width:768px){.elementor-accordion .elementor-tab-title{padding:12px 15px}.elementor-accordion .elementor-tab-title .elementor-accordion-icon{width:1.2em}.elementor-accordion .elementor-tab-content{padding:7px 15px}}<\/style>\t\t<div class=\"elementor-accordion\" role=\"tablist\">\n\t\t\t\t\t\t\t<div class=\"elementor-accordion-item\">\n\t\t\t\t\t<div id=\"elementor-tab-title-1451\" class=\"elementor-tab-title\" data-tab=\"1\" role=\"tab\" aria-controls=\"elementor-tab-content-1451\" aria-expanded=\"false\">\n\t\t\t\t\t\t\t\t\t\t\t\t\t<span class=\"elementor-accordion-icon elementor-accordion-icon-right\" aria-hidden=\"true\">\n\t\t\t\t\t\t\t\t\t\t\t\t\t\t\t<span class=\"elementor-accordion-icon-closed\"><i class=\"fas fa-plus\"><\/i><\/span>\n\t\t\t\t\t\t\t\t<span class=\"elementor-accordion-icon-opened\"><i class=\"fas fa-minus\"><\/i><\/span>\n\t\t\t\t\t\t\t\t\t\t\t\t\t\t<\/span>\n\t\t\t\t\t\t\t\t\t\t\t\t<a class=\"elementor-accordion-title\" href=\"\">Vekaleten Umre ve\/veya Hac nedir ?<\/a>\n\t\t\t\t\t<\/div>\n\t\t\t\t\t<div id=\"elementor-tab-content-1451\" class=\"elementor-tab-content elementor-clearfix\" data-tab=\"1\" role=\"tabpanel\" aria-labelledby=\"elementor-tab-title-1451\"><p>Bu, <strong>hac ibadetini vekaleten yerine getirmektir<\/strong>. Yani, bir ki\u015finin iyili\u011fi i\u00e7in yapmakt\u0131r.<\/p>\n\n<p>Baz\u0131 insanlar ya \u00e7ok hasta olduklar\u0131 i\u00e7in ya da vefat ettikleri i\u00e7in hacca gidememektedir. Dolay\u0131s\u0131yla \u00fc\u00e7\u00fcnc\u00fc bir ki\u015fi onlar\u0131n ad\u0131na bu ibadeti yerine getirebilir.<\/p><\/div>\n\t\t\t\t<\/div>\n\t\t\t\t\t\t\t<div class=\"elementor-accordion-item\">\n\t\t\t\t\t<div id=\"elementor-tab-title-1452\" class=\"elementor-tab-title\" data-tab=\"2\" role=\"tab\" aria-controls=\"elementor-tab-content-1452\" aria-expanded=\"false\">\n\t\t\t\t\t\t\t\t\t\t\t\t\t<span class=\"elementor-accordion-icon elementor-accordion-icon-right\" aria-hidden=\"true\">\n\t\t\t\t\t\t\t\t\t\t\t\t\t\t\t<span class=\"elementor-accordion-icon-closed\"><i class=\"fas fa-plus\"><\/i><\/span>\n\t\t\t\t\t\t\t\t<span class=\"elementor-accordion-icon-opened\"><i class=\"fas fa-minus\"><\/i><\/span>\n\t\t\t\t\t\t\t\t\t\t\t\t\t\t<\/span>\n\t\t\t\t\t\t\t\t\t\t\t\t<a class=\"elementor-accordion-title\" href=\"\">Vekaleten Umre ve\/veya Hac ibadetini yerine getirmekten kim sorumludur ?<\/a>\n\t\t\t\t\t<\/div>\n\t\t\t\t\t<div id=\"elementor-tab-content-1452\" class=\"elementor-tab-content elementor-clearfix\" data-tab=\"2\" role=\"tabpanel\" aria-labelledby=\"elementor-tab-title-1452\"><p>Engelli veya vefat etmi\u015f ki\u015filer ad\u0131na umre ve\/veya hac yap\u0131lmas\u0131 Suudi \u00fcniversitelerinde hukuk bilimleri <strong>(Taleb el-&#8216;Ilm) \u00f6\u011frencilerinden olu\u015fan<\/strong> bir grup arac\u0131l\u0131\u011f\u0131yla ger\u00e7ekle\u015ftirilir.<\/p><p>Bu ki\u015filer ise yerel orta\u011f\u0131m\u0131z arac\u0131l\u0131\u011f\u0131yla i\u015fe al\u0131n\u0131r. Bu adaylar\u0131n i\u015fe al\u0131m\u0131 \u00e7ok hassas bir dizi \u015fartname arac\u0131l\u0131\u011f\u0131yla yap\u0131l\u0131r. Her i\u015fe al\u0131m \u00f6ncesinde testler ve bireysel m\u00fclakatlar ger\u00e7ekle\u015ftirilir.<\/p><p>Vekaleten Umre veya Hacc\u0131n ger\u00e7ekle\u015ftirilmesi s\u0131ras\u0131nda, <strong>onu ger\u00e7ekle\u015ftiren \u00f6\u011frencilerin co\u011frafi konumlar\u0131 belirlenir ve her bir ibadet s\u0131ras\u0131nda konumlar\u0131 kontrol edilir.<\/strong><\/p><\/div>\n\t\t\t\t<\/div>\n\t\t\t\t\t\t\t<div class=\"elementor-accordion-item\">\n\t\t\t\t\t<div id=\"elementor-tab-title-1453\" class=\"elementor-tab-title\" data-tab=\"3\" role=\"tab\" aria-controls=\"elementor-tab-content-1453\" aria-expanded=\"false\">\n\t\t\t\t\t\t\t\t\t\t\t\t\t<span class=\"elementor-accordion-icon elementor-accordion-icon-right\" aria-hidden=\"true\">\n\t\t\t\t\t\t\t\t\t\t\t\t\t\t\t<span class=\"elementor-accordion-icon-closed\"><i class=\"fas fa-plus\"><\/i><\/span>\n\t\t\t\t\t\t\t\t<span class=\"elementor-accordion-icon-opened\"><i class=\"fas fa-minus\"><\/i><\/span>\n\t\t\t\t\t\t\t\t\t\t\t\t\t\t<\/span>\n\t\t\t\t\t\t\t\t\t\t\t\t<a class=\"elementor-accordion-title\" href=\"\">Vekaleten Umre ve\/veya Hac ba\u015fvurusu i\u00e7in son tarih nedir ?<\/a>\n\t\t\t\t\t<\/div>\n\t\t\t\t\t<div id=\"elementor-tab-content-1453\" class=\"elementor-tab-content elementor-clearfix\" data-tab=\"3\" role=\"tabpanel\" aria-labelledby=\"elementor-tab-title-1453\"><p>Hac ba\u015fvurusu i\u00e7in zaman dilimi 10 ila 45 g\u00fcn aras\u0131nda de\u011fi\u015febilir (Ramazan ve Hac zamanlar\u0131 hari\u00e7).<\/p><\/div>\n\t\t\t\t<\/div>\n\t\t\t\t\t\t\t<div class=\"elementor-accordion-item\">\n\t\t\t\t\t<div id=\"elementor-tab-title-1454\" class=\"elementor-tab-title\" data-tab=\"4\" role=\"tab\" aria-controls=\"elementor-tab-content-1454\" aria-expanded=\"false\">\n\t\t\t\t\t\t\t\t\t\t\t\t\t<span class=\"elementor-accordion-icon elementor-accordion-icon-right\" aria-hidden=\"true\">\n\t\t\t\t\t\t\t\t\t\t\t\t\t\t\t<span class=\"elementor-accordion-icon-closed\"><i class=\"fas fa-plus\"><\/i><\/span>\n\t\t\t\t\t\t\t\t<span class=\"elementor-accordion-icon-opened\"><i class=\"fas fa-minus\"><\/i><\/span>\n\t\t\t\t\t\t\t\t\t\t\t\t\t\t<\/span>\n\t\t\t\t\t\t\t\t\t\t\t\t<a class=\"elementor-accordion-title\" href=\"\">Vekaleten Umre ve\/veya Hac ibadeti nas\u0131l yerine getirilir?<\/a>\n\t\t\t\t\t<\/div>\n\t\t\t\t\t<div id=\"elementor-tab-content-1454\" class=\"elementor-tab-content elementor-clearfix\" data-tab=\"4\" role=\"tabpanel\" aria-labelledby=\"elementor-tab-title-1454\"><p><strong>\u00ab Vekaleten \u00bb hacc\u0131<\/strong> ger\u00e7ekle\u015ftirmek i\u00e7in, <strong>ilgili ki\u015finin ad\u0131n\u0131n yan\u0131 s\u0131ra babas\u0131n\u0131n ad\u0131n\u0131 da belirtmeniz gerekir.<\/strong><\/p>\n\n<p>\u00d6rne\u011fin : Vefat eden baban\u0131z i\u00e7in Vekaleten Umre yapmak istiyorsunuz. Baban\u0131n ad\u0131 Muhammed, dedenin ad\u0131 Selman&#8217;d\u0131. M\u00eek\u00e2t&#8217;a var\u0131ld\u0131\u011f\u0131nda, baban\u0131z i\u00e7in umre g\u00f6revini yerine getiren hac\u0131 a\u015fa\u011f\u0131daki duay\u0131 okuyacakt\u0131r :\n<blockquote style=\"line-height: 20px; font-size: 16px;\"><em>lebbeyke Allahumme &#8216;Umre &#8216;an Muhammed ibn Selm\u00e2n<\/em><\/blockquote>\nBu, <em>\u00ab Ey Allah&#8217;\u0131m, \u00e7a\u011fr\u0131na Selman o\u011flu Muhammed i\u00e7in bir umre yaparak cevap veriyorum \u00bb<\/em> demektir.<\/p>\n\n<p><strong>E\u011fer dedenizin ad\u0131n\u0131 bilmiyorsan\u0131z,<\/strong> baban\u0131z\u0131n ad\u0131 ve soyad\u0131 da yeterli olacakt\u0131r in\u015fallah.<\/p><\/div>\n\t\t\t\t<\/div>\n\t\t\t\t\t\t\t<div class=\"elementor-accordion-item\">\n\t\t\t\t\t<div id=\"elementor-tab-title-1455\" class=\"elementor-tab-title\" data-tab=\"5\" role=\"tab\" aria-controls=\"elementor-tab-content-1455\" aria-expanded=\"false\">\n\t\t\t\t\t\t\t\t\t\t\t\t\t<span class=\"elementor-accordion-icon elementor-accordion-icon-right\" aria-hidden=\"true\">\n\t\t\t\t\t\t\t\t\t\t\t\t\t\t\t<span class=\"elementor-accordion-icon-closed\"><i class=\"fas fa-plus\"><\/i><\/span>\n\t\t\t\t\t\t\t\t<span class=\"elementor-accordion-icon-opened\"><i class=\"fas fa-minus\"><\/i><\/span>\n\t\t\t\t\t\t\t\t\t\t\t\t\t\t<\/span>\n\t\t\t\t\t\t\t\t\t\t\t\t<a class=\"elementor-accordion-title\" href=\"\">Bana Vekaleten Umre ve\/veya Hac hakk\u0131nda bir kaynak verebilir misiniz ?<\/a>\n\t\t\t\t\t<\/div>\n\t\t\t\t\t<div id=\"elementor-tab-content-1455\" class=\"elementor-tab-content elementor-clearfix\" data-tab=\"5\" role=\"tabpanel\" aria-labelledby=\"elementor-tab-title-1455\"><p><blockquote style=\"line-height: 20px; font-size: 1rem;\"><em>Buh\u00e2r\u00ee&#8217;nin \u0130bn Abb\u00e2s&#8217;taki rivayetine g\u00f6re C\u00fcheyneli bir kad\u0131n\u0131n, Peygamber (\ufdfa)&#8217;e gelerek ona \u015f\u00f6yle dedi\u011fini nakleder :<\/em><\/p>\n\n\u00ab Annem Mekke&#8217;ye hacca gitmeye yemin etti ama bunu yapamadan \u00f6ld\u00fc, onun yerine ben yapabilir miyim ? &#8211; &#8220;Evet, bunu onun i\u00e7in yap&#8221;, dedi Peygamber. &#8220;G\u00f6r\u00fcyorsun ya, annenin bir borcu olsayd\u0131, onun i\u00e7in \u00f6der miydin ? Bor\u00e7lar\u0131n\u0131 yerine getir, \u00e7\u00fcnk\u00fc Allah\u2019a olan bor\u00e7lar onurland\u0131r\u0131lmaya daha lay\u0131kt\u0131r.&#8221; \u00bb.<\/blockquote><\/div>\n\t\t\t\t<\/div>\n\t\t\t\t\t\t\t<div class=\"elementor-accordion-item\">\n\t\t\t\t\t<div id=\"elementor-tab-title-1456\" class=\"elementor-tab-title\" data-tab=\"6\" role=\"tab\" aria-controls=\"elementor-tab-content-1456\" aria-expanded=\"false\">\n\t\t\t\t\t\t\t\t\t\t\t\t\t<span class=\"elementor-accordion-icon elementor-accordion-icon-right\" aria-hidden=\"true\">\n\t\t\t\t\t\t\t\t\t\t\t\t\t\t\t<span class=\"elementor-accordion-icon-closed\"><i class=\"fas fa-plus\"><\/i><\/span>\n\t\t\t\t\t\t\t\t<span class=\"elementor-accordion-icon-opened\"><i class=\"fas fa-minus\"><\/i><\/span>\n\t\t\t\t\t\t\t\t\t\t\t\t\t\t<\/span>\n\t\t\t\t\t\t\t\t\t\t\t\t<a class=\"elementor-accordion-title\" href=\"\">Web sitenizden online Vekaleten Umre ve\/veya Hac rezervasyonu nas\u0131l yap\u0131l\u0131r?<\/a>\n\t\t\t\t\t<\/div>\n\t\t\t\t\t<div id=\"elementor-tab-content-1456\" class=\"elementor-tab-content elementor-clearfix\" data-tab=\"6\" role=\"tabpanel\" aria-labelledby=\"elementor-tab-title-1456\"><p><strong>Vekaleten Umre \u00ab Klasik veya Ramazan \u00bb<\/strong> ve\/veya <strong>Vekaleten Hac<\/strong>&#8216;\u0131 se\u00e7erek ba\u015flay\u0131n.<\/p>\n\n<p>Rezervasyon formundaki gerekli t\u00fcm bilgileri doldurun. Ard\u0131ndan sevdi\u011finiz ki\u015fi i\u00e7in g\u00fcvenli online \u00f6demeyi ger\u00e7ekle\u015ftirin.<\/p>\n\n<p>Daha sonra Hac ziyareti, yararlanmas\u0131n\u0131 istedi\u011finiz ki\u015fi i\u00e7in planlanacakt\u0131r. Vekaleten Umrenin sadece vefat etmi\u015f veya \u00e7ok hasta olup Hac ibadetini yerine getiremeyecek durumda olan ki\u015filer i\u00e7in ge\u00e7erli oldu\u011funu hat\u0131rlat\u0131r\u0131z.<\/p>\n\n<p><strong>Vekaleten Umre ve\/veya Hac ger\u00e7ekle\u015ftirildikten sonra,<\/strong> tamamland\u0131\u011f\u0131n\u0131 teyit etmek i\u00e7in sizinle ileti\u015fime ge\u00e7ece\u011fiz.<\/p><\/div>\n\t\t\t\t<\/div>\n\t\t\t\t\t\t\t\t<\/div>\n\t\t\t\t<\/div>\n\t\t\t\t<\/div>\n\t\t\t\t\t<\/div>\n\t\t<\/div>\n\t\t\t\t\t\t\t<\/div>\n\t\t<\/section>\n\t\t\t\t\t\t<\/div>\n\t\t\t\t\t<\/div>\n\t\t","protected":false},"excerpt":{"rendered":"<p>S\u0131k Sorulan Sorular SSS &#8211; S\u0131k Sorulan Sorular Vekaleten Umre ve Hac Vekaleten Umre ve\/veya Hac nedir ? Bu, hac ibadetini vekaleten yerine getirmektir. Yani, bir ki\u015finin iyili\u011fi i\u00e7in yapmakt\u0131r. Baz\u0131 insanlar ya \u00e7ok hasta olduklar\u0131 i\u00e7in ya da vefat ettikleri i\u00e7in hacca gidememektedir. Dolay\u0131s\u0131yla \u00fc\u00e7\u00fcnc\u00fc bir ki\u015fi onlar\u0131n ad\u0131na bu ibadeti yerine getirebilir. Vekaleten [&hellip;]<\/p>\n","protected":false},"author":1,"featured_media":0,"parent":0,"menu_order":0,"comment_status":"closed","ping_status":"closed","template":"elementor_header_footer","meta":{"_mi_skip_tracking":false},"_links":{"self":[{"href":"https:\/\/omrabadal.com\/wp-json\/wp\/v2\/pages\/3288"}],"collection":[{"href":"https:\/\/omrabadal.com\/wp-json\/wp\/v2\/pages"}],"about":[{"href":"https:\/\/omrabadal.com\/wp-json\/wp\/v2\/types\/page"}],"author":[{"embeddable":true,"href":"https:\/\/omrabadal.com\/wp-json\/wp\/v2\/users\/1"}],"replies":[{"embeddable":true,"href":"https:\/\/omrabadal.com\/wp-json\/wp\/v2\/comments?post=3288"}],"version-history":[{"count":31,"href":"https:\/\/omrabadal.com\/wp-json\/wp\/v2\/pages\/3288\/revisions"}],"predecessor-version":[{"id":3592,"href":"https:\/\/omrabadal.com\/wp-json\/wp\/v2\/pages\/3288\/revisions\/3592"}],"wp:attachment":[{"href":"https:\/\/omrabadal.com\/wp-json\/wp\/v2\/media?parent=3288"}],"curies":[{"name":"wp","href":"https:\/\/api.w.org\/{rel}","templated":true}]}}