{"id":3321,"date":"2023-02-10T09:41:27","date_gmt":"2023-02-10T09:41:27","guid":{"rendered":"https:\/\/omrabadal.com\/?page_id=3321"},"modified":"2023-03-16T14:48:18","modified_gmt":"2023-03-16T14:48:18","slug":"online-rezervasyon","status":"publish","type":"page","link":"https:\/\/omrabadal.com\/tr\/online-rezervasyon\/","title":{"rendered":"Online Rezervasyon"},"content":{"rendered":"\t\t<div data-elementor-type=\"wp-page\" data-elementor-id=\"3321\" class=\"elementor elementor-3321\" data-elementor-settings=\"[]\">\n\t\t\t\t\t\t\t<div class=\"elementor-section-wrap\">\n\t\t\t\t\t\t\t<section class=\"elementor-section elementor-top-section elementor-element elementor-element-9cdece9 elementor-section-boxed elementor-section-height-default elementor-section-height-default\" data-id=\"9cdece9\" data-element_type=\"section\" data-settings=\"{&quot;background_background&quot;:&quot;classic&quot;}\">\n\t\t\t\t\t\t<div class=\"elementor-container elementor-column-gap-default\">\n\t\t\t\t\t<div class=\"elementor-column elementor-col-100 elementor-top-column elementor-element elementor-element-94eb44b column-style-top\" data-id=\"94eb44b\" data-element_type=\"column\">\n\t\t\t<div class=\"elementor-widget-wrap elementor-element-populated\">\n\t\t\t\t\t\t\t\t<div class=\"elementor-element elementor-element-8212451 elementor-widget elementor-widget-gva-heading-block\" data-id=\"8212451\" data-element_type=\"widget\" data-widget_type=\"gva-heading-block.default\">\n\t\t\t\t<div class=\"elementor-widget-container\">\n\t\t\t<div class=\"gva-element-gva-heading-block gva-element\">   <div class=\"align-left style-1 widget gsc-heading box-align-left auto-responsive\">\r\n      <div class=\"content-inner\">\r\n         \r\n                  \r\n                     <div class=\"sub-title\"><span>Online rezervasyon<\/span><\/div>\r\n           \r\n         \r\n                     <h2 class=\"title\">\r\n               <span>Vekaleten Umre ve\/veya Hac<\/span>\r\n            <\/h2>\r\n                              <div class=\"title-desc\">Tedavisi m\u00fcmk\u00fcn olmayan bir hastal\u0131k, kal\u0131c\u0131 sakatl\u0131k veya ileri ya\u015f nedeniyle umre ve\/veya hac yapamayacak durumda olan ki\u015filer i\u00e7in. Vefat eden ki\u015filer i\u00e7in de Umre ve\/veya Hac vek\u00e2leti verilebilmektedir.<\/div>\r\n         \r\n         \r\n      <\/div>\r\n   <\/div>\r\n<\/div>\t\t<\/div>\n\t\t\t\t<\/div>\n\t\t\t\t\t<\/div>\n\t\t<\/div>\n\t\t\t\t\t\t\t<\/div>\n\t\t<\/section>\n\t\t\t\t<section class=\"elementor-section elementor-top-section elementor-element elementor-element-c0fae4d elementor-section-boxed elementor-section-height-default elementor-section-height-default\" data-id=\"c0fae4d\" data-element_type=\"section\" data-settings=\"{&quot;background_background&quot;:&quot;classic&quot;,&quot;shape_divider_bottom&quot;:&quot;arrow&quot;}\">\n\t\t\t\t\t<div class=\"elementor-shape elementor-shape-bottom\" data-negative=\"false\">\n\t\t\t<svg xmlns=\"http:\/\/www.w3.org\/2000\/svg\" viewBox=\"0 0 700 10\" preserveAspectRatio=\"none\">\n\t<path class=\"elementor-shape-fill\" d=\"M350,10L340,0h20L350,10z\"\/>\n<\/svg>\t\t<\/div>\n\t\t\t\t\t<div class=\"elementor-container elementor-column-gap-default\">\n\t\t\t\t\t<div class=\"elementor-column elementor-col-100 elementor-top-column elementor-element elementor-element-d3371b6\" data-id=\"d3371b6\" data-element_type=\"column\">\n\t\t\t<div class=\"elementor-widget-wrap elementor-element-populated\">\n\t\t\t\t\t\t\t\t<div class=\"elementor-element elementor-element-417ca34 elementor-position-left elementor-vertical-align-middle elementor-view-default elementor-widget elementor-widget-icon-box\" data-id=\"417ca34\" data-element_type=\"widget\" data-widget_type=\"icon-box.default\">\n\t\t\t\t<div class=\"elementor-widget-container\">\n\t\t\t<style>@media (min-width:769px){.elementor-widget-icon-box.elementor-position-left .elementor-icon-box-wrapper,.elementor-widget-icon-box.elementor-position-right .elementor-icon-box-wrapper{display:-webkit-box;display:-ms-flexbox;display:flex}.elementor-widget-icon-box.elementor-position-left .elementor-icon-box-icon,.elementor-widget-icon-box.elementor-position-right .elementor-icon-box-icon{display:-webkit-inline-box;display:-ms-inline-flexbox;display:inline-flex;-webkit-box-flex:0;-ms-flex:0 0 auto;flex:0 0 auto}.elementor-widget-icon-box.elementor-position-right .elementor-icon-box-wrapper{text-align:right;-webkit-box-orient:horizontal;-webkit-box-direction:reverse;-ms-flex-direction:row-reverse;flex-direction:row-reverse}.elementor-widget-icon-box.elementor-position-left .elementor-icon-box-wrapper{text-align:left;-webkit-box-orient:horizontal;-webkit-box-direction:normal;-ms-flex-direction:row;flex-direction:row}.elementor-widget-icon-box.elementor-position-top .elementor-icon-box-img{margin:auto}.elementor-widget-icon-box.elementor-vertical-align-top .elementor-icon-box-wrapper{-webkit-box-align:start;-ms-flex-align:start;align-items:flex-start}.elementor-widget-icon-box.elementor-vertical-align-middle .elementor-icon-box-wrapper{-webkit-box-align:center;-ms-flex-align:center;align-items:center}.elementor-widget-icon-box.elementor-vertical-align-bottom .elementor-icon-box-wrapper{-webkit-box-align:end;-ms-flex-align:end;align-items:flex-end}}@media (max-width:768px){.elementor-widget-icon-box .elementor-icon-box-icon{margin-left:auto!important;margin-right:auto!important;margin-bottom:15px}}.elementor-widget-icon-box .elementor-icon-box-wrapper{text-align:center}.elementor-widget-icon-box .elementor-icon-box-title a{color:inherit}.elementor-widget-icon-box .elementor-icon-box-content{-webkit-box-flex:1;-ms-flex-positive:1;flex-grow:1}.elementor-widget-icon-box .elementor-icon-box-description{margin:0}<\/style>\t\t<div class=\"elementor-icon-box-wrapper\">\n\t\t\t\t\t\t<div class=\"elementor-icon-box-icon\">\n\t\t\t\t<span class=\"elementor-icon elementor-animation-\" >\n\t\t\t\t<i aria-hidden=\"true\" class=\"fas fa-exclamation-triangle\"><\/i>\t\t\t\t<\/span>\n\t\t\t<\/div>\n\t\t\t\t\t\t<div class=\"elementor-icon-box-content\">\n\t\t\t\t<h3 class=\"elementor-icon-box-title\">\n\t\t\t\t\t<span  >\n\t\t\t\t\t\tDikkat ! 1 Form = sadece 1 yararlan\u0131c\u0131 i\u00e7indir.\t\t\t\t\t<\/span>\n\t\t\t\t<\/h3>\n\t\t\t\t\t\t\t\t\t<p class=\"elementor-icon-box-description\">\n\t\t\t\t\t\tBirden fazla yararlan\u0131c\u0131 i\u00e7in paket rezervasyonu yapmak i\u00e7in formu birka\u00e7 kez doldurman\u0131z gerekir.<br><small>Y\u0131ld\u0131z (*) ile i\u015faretli alanlar\u0131n doldurulmas\u0131 zorunludur.<\/small>\n\t\t\t\t\t<\/p>\n\t\t\t\t\t\t\t<\/div>\n\t\t<\/div>\n\t\t\t\t<\/div>\n\t\t\t\t<\/div>\n\t\t\t\t\t<\/div>\n\t\t<\/div>\n\t\t\t\t\t\t\t<\/div>\n\t\t<\/section>\n\t\t\t\t<section class=\"elementor-section elementor-top-section elementor-element elementor-element-45a0612 elementor-section-boxed elementor-section-height-default elementor-section-height-default row-top\" data-id=\"45a0612\" data-element_type=\"section\">\n\t\t\t\t\t\t<div class=\"elementor-container elementor-column-gap-default\">\n\t\t\t\t\t<div class=\"elementor-column elementor-col-100 elementor-top-column elementor-element elementor-element-4d0563c column-style-top\" data-id=\"4d0563c\" data-element_type=\"column\">\n\t\t\t<div class=\"elementor-widget-wrap elementor-element-populated\">\n\t\t\t\t\t\t\t\t<div class=\"elementor-element elementor-element-30daf13 elementor-widget elementor-widget-text-editor\" data-id=\"30daf13\" data-element_type=\"widget\" data-widget_type=\"text-editor.default\">\n\t\t\t\t<div class=\"elementor-widget-container\">\n\t\t\t<style>\/*! elementor - v3.5.1 - 20-12-2021 *\/\n.elementor-widget-text-editor.elementor-drop-cap-view-stacked .elementor-drop-cap{background-color:#818a91;color:#fff}.elementor-widget-text-editor.elementor-drop-cap-view-framed .elementor-drop-cap{color:#818a91;border:3px solid;background-color:transparent}.elementor-widget-text-editor:not(.elementor-drop-cap-view-default) .elementor-drop-cap{margin-top:8px}.elementor-widget-text-editor:not(.elementor-drop-cap-view-default) .elementor-drop-cap-letter{width:1em;height:1em}.elementor-widget-text-editor .elementor-drop-cap{float:left;text-align:center;line-height:1;font-size:50px}.elementor-widget-text-editor .elementor-drop-cap-letter{display:inline-block}<\/style>\t\t\t\t<p><div class=\"forminator-ui forminator-custom-form forminator-custom-form-3813 forminator-design--material  forminator_ajax\" data-forminator-render=\"0\" data-form=\"forminator-module-3813\"><br\/><\/div><form\n\t\t\t\tid=\"forminator-module-3813\"\n\t\t\t\tclass=\"forminator-ui forminator-custom-form forminator-custom-form-3813 forminator-design--material  forminator_ajax\"\n\t\t\t\tmethod=\"post\"\n\t\t\t\tdata-forminator-render=\"0\"\n\t\t\t\tdata-form-id=\"3813\"\n\t\t\t\t\n\t\t\t\tdata-design=\"material\"\n\t\t\t\t\n\t\t\t\t\n\t\t\t\t\n\t\t\t\tdata-grid=\"open\"\n\t\t\t\t\n\t\t\t\t\n\t\t\t\tstyle=\"display: none;\"\n\t\t\t><div class=\"forminator-response-message forminator-error\" aria-hidden=\"true\"><\/div><div class=\"forminator-row\"><div id=\"section-1\" class=\"forminator-col forminator-col-12 \"><div class=\"forminator-field\"><h2 class=\"forminator-title\">Ba\u011f\u0131\u015f\u00e7\u0131 Bilgileri<\/h2><hr class=\"forminator-border\" style=\"border: 1px solid #333333;\" \/><\/div><\/div><\/div><div class=\"forminator-row\"><div id=\"name-1\" class=\"forminator-col forminator-col-6 \"><div class=\"forminator-field\"><label for=\"forminator-field-name-1\" class=\"forminator-label\">Ba\u011f\u0131\u015f\u00e7\u0131 soyad\u0131 <span class=\"forminator-required\">*<\/span><\/label><input type=\"text\" name=\"name-1\" value=\"\" placeholder=\"\" id=\"forminator-field-name-1\" class=\"forminator-input forminator-name--field\" aria-required=\"true\" \/><\/div><\/div><div id=\"name-2\" class=\"forminator-col forminator-col-6 \"><div class=\"forminator-field\"><label for=\"forminator-field-name-2\" class=\"forminator-label\">Ba\u011f\u0131\u015f\u00e7\u0131 ad\u0131 <span class=\"forminator-required\">*<\/span><\/label><input type=\"text\" name=\"name-2\" value=\"\" placeholder=\"\" id=\"forminator-field-name-2\" class=\"forminator-input forminator-name--field\" aria-required=\"true\" \/><\/div><\/div><\/div><div class=\"forminator-row\"><div id=\"phone-1\" class=\"forminator-col forminator-col-6 \"><div class=\"forminator-field\"><label for=\"forminator-field-phone-1\" class=\"forminator-label\">Telefon <span class=\"forminator-required\">*<\/span><\/label><input type=\"text\" name=\"phone-1\" value=\"\" placeholder=\"\" id=\"forminator-field-phone-1\" class=\"forminator-input forminator-field--phone\" data-required=\"1\" aria-required=\"true\" autocomplete=\"off\" maxlength=\"12\" data-validation=\"character_limit\" \/><span class=\"forminator-description\">* L\u00fctfen \u00fclke kodunu eklemeyin. Telefon numaras\u0131 10 haneli olmal\u0131 ve yurt d\u0131\u015f\u0131nda ikamet edenler hari\u00e7 0 ile ba\u015flamal\u0131d\u0131r (Whatsapp telefon numaras\u0131)<span data-limit=\"12\" data-type=\"\">0 \/ 12<\/span><\/span><\/div><\/div><div id=\"email-1\" class=\"forminator-col forminator-col-6 \"><div class=\"forminator-field\"><label for=\"forminator-field-email-1\" class=\"forminator-label\">E-posta <span class=\"forminator-required\">*<\/span><\/label><input type=\"email\" name=\"email-1\" value=\"\" placeholder=\"\" id=\"forminator-field-email-1\" class=\"forminator-input forminator-email--field\" data-required=\"1\" aria-required=\"true\" \/><\/div><\/div><\/div><div class=\"forminator-row\"><div id=\"html-4\" class=\"forminator-col forminator-col-12 \"><div class=\"forminator-field forminator-merge-tags\"><p>&nbsp;<\/p><\/div><\/div><\/div><div class=\"forminator-row\"><div id=\"section-2\" class=\"forminator-col forminator-col-12  .mt-2\"><div class=\"forminator-field\"><h2 class=\"forminator-title\">Paket se\u00e7imi<\/h2><hr class=\"forminator-border\" style=\"border: 1px solid #333;\" \/><\/div><\/div><\/div><div class=\"forminator-row\"><div id=\"radio-1\" class=\"forminator-col forminator-col-12  .forminator-radio\"><div role=\"radiogroup\" class=\"forminator-field\" aria-labelledby=\"forminator-radiogroup-642eca54300dc-label\"><label for=\"forminator-field-radio-1-1-642eca54300dc\" class=\"forminator-radio forminator-radio-inline\" title=\"Omra Badal\"><input type=\"radio\" name=\"radio-1\" value=\"Omra-Badal\" id=\"forminator-field-radio-1-1-642eca54300dc\" data-calculation=\"289\" checked=\"checked\" \/><span class=\"forminator-radio-bullet\" aria-hidden=\"true\"><\/span><span class=\"forminator-radio-label\">Omra Badal<\/span><\/label><label for=\"forminator-field-radio-1-2-642eca54300dc\" class=\"forminator-radio forminator-radio-inline\" title=\"Hajj Badal\"><input type=\"radio\" name=\"radio-1\" value=\"Hajj-Badal\" id=\"forminator-field-radio-1-2-642eca54300dc\" data-calculation=\"2789\"  \/><span class=\"forminator-radio-bullet\" aria-hidden=\"true\"><\/span><span class=\"forminator-radio-label\">Hajj Badal<\/span><\/label><\/div><\/div><\/div><div class=\"forminator-row\"><div id=\"calculation-1\" class=\"forminator-col forminator-col-12  .forminator-calculation\"><div class=\"forminator-field\"><div class=\"forminator-input forminator-input-with-prefix\"><span class=\"forminator-prefix\">Birim fiyat :<\/span><input name=\"calculation-1\" value=\"\" id=\"calculation-1-field\" class=\"forminator-calculation\" data-formula=\"{radio-1}\" data-required=\"\" data-decimal-point=\"\" data-precision=\"0\" data-is-hidden=\"\" disabled=\"disabled\" data-decimals=\"0\" data-inputmask=\"'groupSeparator': '', 'radixPoint': '', 'digits': '0'\" \/><span class=\"forminator-suffix\">\u20ac<\/span><\/div><\/div><\/div><\/div><div class=\"forminator-row\"><div id=\"html-5\" class=\"forminator-col forminator-col-12 \"><div class=\"forminator-field forminator-merge-tags\"><p>&nbsp;<\/p><\/div><\/div><\/div><div class=\"forminator-row\"><div id=\"section-3\" class=\"forminator-col forminator-col-12  .mt-2\"><div class=\"forminator-field\"><h2 class=\"forminator-title\">Yararlan\u0131c\u0131n\u0131n bilgileri<\/h2><hr class=\"forminator-border\" style=\"border: 1px solid #333333;\" \/><\/div><\/div><\/div><div class=\"forminator-row\"><div id=\"html-1\" class=\"forminator-col forminator-col-12 \"><div class=\"forminator-field forminator-merge-tags\"><h2 style=\"margin-bottom: 0;font-weight: normal\">Vekaleten Umre i\u00e7in :<\/h2><\/div><\/div><\/div><div class=\"forminator-row\"><div id=\"select-1\" class=\"forminator-col forminator-col-6 \"><div class=\"forminator-field\"><select id=\"forminator-form-3813__field--select-1\" class=\"forminator-select--field forminator-select2\" data-required=\"1\" name=\"select-1\" data-default-value=\"\" data-placeholder=\"Cinsiyet\" data-search=\"false\"><option value=\"\">Cinsiyet<\/option><option value=\"Bay\"  data-calculation=\"0\">Bay<\/option><option value=\"Bayan\"  data-calculation=\"0\">Bayan<\/option><\/select><\/div><\/div><div id=\"select-2\" class=\"forminator-col forminator-col-6 \"><div class=\"forminator-field\"><select id=\"forminator-form-3813__field--select-2\" class=\"forminator-select--field forminator-select2\" data-required=\"1\" name=\"select-2\" data-default-value=\"\" data-placeholder=\"Yararlan\u0131c\u0131 ...\" data-search=\"false\"><option value=\"\">Yararlan\u0131c\u0131 &#8230;<\/option><option value=\"Merhum\"  data-calculation=\"0\">Merhum<\/option><option value=\"\u00d6z\u00fcrl\u00fc-(uzun-s\u00fcreli-hastal\u0131k)\"  data-calculation=\"0\">\u00d6z\u00fcrl\u00fc (uzun s\u00fcreli hastal\u0131k)<\/option><\/select><\/div><\/div><\/div><div class=\"forminator-row\"><div id=\"name-3\" class=\"forminator-col forminator-col-6 \"><div class=\"forminator-field\"><label for=\"forminator-field-name-3\" class=\"forminator-label\">Yararlan\u0131c\u0131n\u0131n soyad\u0131 <span class=\"forminator-required\">*<\/span><\/label><input type=\"text\" name=\"name-3\" value=\"\" placeholder=\"\" id=\"forminator-field-name-3\" class=\"forminator-input forminator-name--field\" aria-required=\"true\" \/><\/div><\/div><div id=\"name-4\" class=\"forminator-col forminator-col-6 \"><div class=\"forminator-field\"><label for=\"forminator-field-name-4\" class=\"forminator-label\">Yararlan\u0131c\u0131n\u0131n ad\u0131 <span class=\"forminator-required\">*<\/span><\/label><input type=\"text\" name=\"name-4\" value=\"\" placeholder=\"\" id=\"forminator-field-name-4\" class=\"forminator-input forminator-name--field\" aria-required=\"true\" \/><\/div><\/div><\/div><div class=\"forminator-row\"><div id=\"text-1\" class=\"forminator-col forminator-col-6 \"><div class=\"forminator-field\"><label for=\"forminator-field-text-1\" class=\"forminator-label\">Yararlan\u0131c\u0131 ile olan yak\u0131nl\u0131\u011f\u0131 <span class=\"forminator-required\">*<\/span><\/label><input type=\"text\" name=\"text-1\" value=\"\" placeholder=\"Par exemple\u00a0: P\u00e8re\" id=\"forminator-field-text-1\" class=\"forminator-input forminator-name--field\" data-required=\"1\" \/><\/div><\/div><div id=\"name-5\" class=\"forminator-col forminator-col-6 \"><div class=\"forminator-field\"><label for=\"forminator-field-name-5\" class=\"forminator-label\">Yararlan\u0131c\u0131n\u0131n babas\u0131n\u0131n ad\u0131 doldurulmas\u0131 zorunlu bir aland\u0131r. L\u00fctfen doldurun. <span class=\"forminator-required\">*<\/span><\/label><input type=\"text\" name=\"name-5\" value=\"\" placeholder=\"\" id=\"forminator-field-name-5\" class=\"forminator-input forminator-name--field\" aria-required=\"true\" \/><\/div><\/div><\/div><div class=\"forminator-row\"><div id=\"html-7\" class=\"forminator-col forminator-col-12 \"><div class=\"forminator-field forminator-merge-tags\"><h2 style=\"margin-bottom: 0;font-weight: normal\">Vekaleten Hac i\u00e7in :<\/h2><\/div><\/div><\/div><div class=\"forminator-row\"><div id=\"select-3\" class=\"forminator-col forminator-col-6 \"><div class=\"forminator-field\"><select id=\"forminator-form-3813__field--select-3\" class=\"forminator-select--field forminator-select2\" data-required=\"1\" name=\"select-3\" data-default-value=\"\" data-placeholder=\"Cinsiyet\" data-search=\"false\"><option value=\"\">Cinsiyet<\/option><option value=\"Bay\"  data-calculation=\"0\">Bay<\/option><option value=\"Bayan\"  data-calculation=\"0\">Bayan<\/option><\/select><\/div><\/div><div id=\"select-4\" class=\"forminator-col forminator-col-6 \"><div class=\"forminator-field\"><select id=\"forminator-form-3813__field--select-4\" class=\"forminator-select--field forminator-select2\" data-required=\"1\" name=\"select-4\" data-default-value=\"\" data-placeholder=\"Yararlan\u0131c\u0131 ...\" data-search=\"false\"><option value=\"\">Yararlan\u0131c\u0131 &#8230;<\/option><option value=\"Merhum\"  data-calculation=\"0\">Merhum<\/option><option value=\"\u00d6z\u00fcrl\u00fc-(uzun-s\u00fcreli-hastal\u0131k)\"  data-calculation=\"0\">\u00d6z\u00fcrl\u00fc (uzun s\u00fcreli hastal\u0131k)<\/option><\/select><\/div><\/div><\/div><div class=\"forminator-row\"><div id=\"name-6\" class=\"forminator-col forminator-col-6 \"><div class=\"forminator-field\"><label for=\"forminator-field-name-6\" class=\"forminator-label\">Yararlan\u0131c\u0131n\u0131n soyad\u0131 <span class=\"forminator-required\">*<\/span><\/label><input type=\"text\" name=\"name-6\" value=\"\" placeholder=\"\" id=\"forminator-field-name-6\" class=\"forminator-input forminator-name--field\" aria-required=\"true\" \/><\/div><\/div><div id=\"name-7\" class=\"forminator-col forminator-col-6 \"><div class=\"forminator-field\"><label for=\"forminator-field-name-7\" class=\"forminator-label\">Yararlan\u0131c\u0131n\u0131n ad\u0131 <span class=\"forminator-required\">*<\/span><\/label><input type=\"text\" name=\"name-7\" value=\"\" placeholder=\"\" id=\"forminator-field-name-7\" class=\"forminator-input forminator-name--field\" aria-required=\"true\" \/><\/div><\/div><\/div><div class=\"forminator-row\"><div id=\"text-2\" class=\"forminator-col forminator-col-6 \"><div class=\"forminator-field\"><label for=\"forminator-field-text-2\" class=\"forminator-label\">Yararlan\u0131c\u0131 ile olan yak\u0131nl\u0131\u011f\u0131 <span class=\"forminator-required\">*<\/span><\/label><input type=\"text\" name=\"text-2\" value=\"\" placeholder=\"Par exemple\u00a0: P\u00e8re\" id=\"forminator-field-text-2\" class=\"forminator-input forminator-name--field\" data-required=\"1\" \/><\/div><\/div><div id=\"name-8\" class=\"forminator-col forminator-col-6 \"><div class=\"forminator-field\"><label for=\"forminator-field-name-8\" class=\"forminator-label\">Yararlan\u0131c\u0131n\u0131n babas\u0131n\u0131n ad\u0131 <span class=\"forminator-required\">*<\/span><\/label><input type=\"text\" name=\"name-8\" value=\"\" placeholder=\"\" id=\"forminator-field-name-8\" class=\"forminator-input forminator-name--field\" aria-required=\"true\" \/><\/div><\/div><\/div><div class=\"forminator-row\"><div id=\"html-6\" class=\"forminator-col forminator-col-12 \"><div class=\"forminator-field forminator-merge-tags\"><p>&nbsp;<\/p><\/div><\/div><\/div><div class=\"forminator-row\"><div id=\"section-4\" class=\"forminator-col forminator-col-12  .mt-2\"><div class=\"forminator-field\"><h2 class=\"forminator-title\">Online \u00f6deme<\/h2><hr class=\"forminator-border\" style=\"border: 1px solid #333333;\" \/><\/div><\/div><\/div><div class=\"forminator-row\"><div id=\"stripe-1\" class=\"forminator-col forminator-col-12 \"><div class=\"forminator-field\"><label for=\"stripe-1-field\" class=\"forminator-label\">Kredi \/ Banka Kart\u0131 <span class=\"forminator-required\">*<\/span><\/label><div class=\"forminator-input--wrap forminator-input--stripe\"><div id=\"card-element-642eca54304f2\" data-field-id=\"642eca54304f2\" data-is-payment=\"true\" data-payment-type=\"stripe\" data-secret=\"\" data-paymentid=\"\" data-key=\"pk_live_51JpbPqL5fKYjeruEFIz1aCBydorGNyYDeb2ztQrr56Ug7AtuPLsnvXelEYzZXIdarSic2gr3DkIjqTUwy8QfPK1q00F9gw1q8p\" data-card-icon=\"1\" data-veify-zip=\"\" data-zip-field=\"\" data-language=\"auto\" data-base-class=\"StripeElement\" data-complete-class=\"StripeElement--complete\" data-empty-class=\"StripeElement--empty\" data-focused-class=\"StripeElement--focus\" data-invalid-class=\"StripeElement--invalid\" data-autofilled-class=\"StripeElement--webkit-autofill\" data-billing=\"1\" data-billing-name=\"name-1\" data-billing-email=\"email-1\" data-billing-address=\"\" data-receipt=\"\" data-receipt-email=\"\" data-custom-fonts=\"\" data-placeholder=\"#888888\" data-font-color=\"#000000\" data-font-color-focus=\"#000000\" data-font-color-error=\"#000000\" data-font-size=\"16px\" data-font-family=\"Roboto\" data-font-weight=\"normal\" data-icon-color=\"#777771\" data-icon-color-hover=\"#17A8E3\" data-icon-color-focus=\"#17A8E3\" data-icon-color-error=\"#E04562\"\" class=\"forminator-stripe-element\"><\/div><input type=\"hidden\" name=\"paymentid\" value=\"\" id=\"forminator-stripe-paymentid\"\/><input type=\"hidden\" name=\"paymentmethod\" value=\"\" id=\"forminator-stripe-paymentmethod\"\/><input type=\"hidden\" name=\"subscriptionid\" value=\"\" id=\"forminator-stripe-subscriptionid\"\/><\/div><span class=\"forminator-card-message\"><span class=\"forminator-error-message\" aria-hidden=\"true\"><\/span><\/span><\/div><\/div><\/div><input type=\"hidden\" name=\"referer_url\" value=\"\" \/><div class=\"forminator-row forminator-row-last\"><div class=\"forminator-col\"><div class=\"forminator-field\"><button class=\"forminator-button forminator-button-submit\"><span>Formunuzu kaydedin<\/span><span aria-hidden=\"true\"><\/span><\/button><\/div><\/div><\/div><input type=\"hidden\" id=\"forminator_nonce\" name=\"forminator_nonce\" value=\"a87282410d\" \/><input type=\"hidden\" name=\"_wp_http_referer\" value=\"\/wp-json\/wp\/v2\/pages\/3321\" \/><input type=\"hidden\" name=\"form_id\" value=\"3813\"><input type=\"hidden\" name=\"page_id\" value=\"3321\"><input type=\"hidden\" name=\"form_type\" value=\"default\"><input type=\"hidden\" name=\"current_url\" value=\"https:\/\/omrabadal.com\/wp-json\/wp\/v2\/pages\/3321\/\"><input type=\"hidden\" name=\"render_id\" value=\"0\"><input type=\"hidden\" name=\"action\" value=\"forminator_submit_form_custom-forms\"><label for=\"input_29\" class=\"forminator-hidden\" aria-hidden=\"true\">Veuillez ne pas remplir ce champ. <input id=\"input_29\" type=\"text\" name=\"input_29\" value=\"\" autocomplete=\"off\"><\/label><\/form><\/p>\t\t\t\t\t\t<\/div>\n\t\t\t\t<\/div>\n\t\t\t\t\t<\/div>\n\t\t<\/div>\n\t\t\t\t\t\t\t<\/div>\n\t\t<\/section>\n\t\t\t\t\t\t<\/div>\n\t\t\t\t\t<\/div>\n\t\t","protected":false},"excerpt":{"rendered":"<p>Online rezervasyon Vekaleten Umre ve\/veya Hac Tedavisi m\u00fcmk\u00fcn olmayan bir hastal\u0131k, kal\u0131c\u0131 sakatl\u0131k veya ileri ya\u015f nedeniyle umre ve\/veya hac yapamayacak durumda olan ki\u015filer i\u00e7in. Vefat eden ki\u015filer i\u00e7in de Umre ve\/veya Hac vek\u00e2leti verilebilmektedir. Dikkat ! 1 Form = sadece 1 yararlan\u0131c\u0131 i\u00e7indir. Birden fazla yararlan\u0131c\u0131 i\u00e7in paket rezervasyonu yapmak i\u00e7in formu birka\u00e7 kez [&hellip;]<\/p>\n","protected":false},"author":1,"featured_media":0,"parent":0,"menu_order":0,"comment_status":"closed","ping_status":"closed","template":"elementor_header_footer","meta":{"_mi_skip_tracking":false},"_links":{"self":[{"href":"https:\/\/omrabadal.com\/wp-json\/wp\/v2\/pages\/3321"}],"collection":[{"href":"https:\/\/omrabadal.com\/wp-json\/wp\/v2\/pages"}],"about":[{"href":"https:\/\/omrabadal.com\/wp-json\/wp\/v2\/types\/page"}],"author":[{"embeddable":true,"href":"https:\/\/omrabadal.com\/wp-json\/wp\/v2\/users\/1"}],"replies":[{"embeddable":true,"href":"https:\/\/omrabadal.com\/wp-json\/wp\/v2\/comments?post=3321"}],"version-history":[{"count":23,"href":"https:\/\/omrabadal.com\/wp-json\/wp\/v2\/pages\/3321\/revisions"}],"predecessor-version":[{"id":3857,"href":"https:\/\/omrabadal.com\/wp-json\/wp\/v2\/pages\/3321\/revisions\/3857"}],"wp:attachment":[{"href":"https:\/\/omrabadal.com\/wp-json\/wp\/v2\/media?parent=3321"}],"curies":[{"name":"wp","href":"https:\/\/api.w.org\/{rel}","templated":true}]}}